{"id":263,"date":"2022-01-07T10:40:43","date_gmt":"2022-01-07T10:40:43","guid":{"rendered":"https:\/\/scoalavulcanabai.ro\/wp\/?page_id=263"},"modified":"2025-11-09T19:32:07","modified_gmt":"2025-11-09T19:32:07","slug":"comisia-pentru-protectie-si-sanatate-in-munca","status":"publish","type":"page","link":"http:\/\/scoalavulcanabai.ro\/wp\/comisia-pentru-protectie-si-sanatate-in-munca\/","title":{"rendered":"COMISIA DE SECURITATE \u0218I S\u0102N\u0102TATE \u00ceN MUNC\u0102 \u0218I PENTRU SITUA\u021aII DE URGEN\u021a\u0102 \u00a0"},"content":{"rendered":"<p><strong>COMISIA DE SECURITATE \u0218I S\u0102N\u0102TATE \u00ceN MUNC\u0102 \u0218I PENTRU SITUA\u021aII DE URGEN\u021a\u0102 \u2013 responsabil prof. Octavian-George DINC\u0102<\/strong><\/p>\n<ol>\n<li><strong> Scurt\u0103 prezentare descriptiv\u0103 a activit\u0103\u021bii <\/strong><\/li>\n<\/ol>\n<p>Activitatea \u00een cadrul Comisiei de prevenire \u0219i stingerea incendiilor\/ securitate \u00een munc\u0103, \u00een anul \u015fcolar 2024-2025 s-a desf\u0103surat conform planific\u0103rii tematice, excep\u021bie f\u0103c\u00e2nd perioada de suspendare a cursurilor \u0219colare.<\/p>\n<p>S-au realizat urm\u0103toarele categorii de instructaje de c\u0103tre cadru tehnic PSI, prof. George DINC\u0102:<\/p>\n<ul>\n<li>instructajul introductiv general;<\/li>\n<li>instructajul specific locului de munc\u0103;<\/li>\n<li>instructajul periodic;<\/li>\n<li>prezentarea normelor specifice de revenire la munc\u0103 pe perioada st\u0103rii de alert\u0103.<\/li>\n<\/ul>\n<p>S-a urm\u0103rit realizarea ac\u0163iunilor stabilite, prezentarea periodic\u0103 a normelor \u015fi sarcinilor de prevenire \u0219i stingere ce revin personalului, precum \u0219i consecin\u0163ele diferitelor manifest\u0103ri de neglijen\u0163\u0103.<\/p>\n<p>S-au asigurat materialele \u015fi mijloacele de prevenire \u0219i stingere a indendiilor, asigur\u0203ndu-se condi\u0163iile necesare\u00a0 \u00een caz de evacuare.<\/p>\n<p>Planul de evacuare a cl\u0103dirii s-a afi\u015fat \u00een fiecare hol, f\u0103c\u0203ndu-se cunoscut personalului didactic, didactic auxiliar \u0219i nedidactic.<\/p>\n<p>A existat o str\u00e2ns\u0103 colaborare \u00eentre responsabilul comisiei PSI\/MMS \u0219i director, cadrele didactice, personalul nedidactic, didactic auxiliar.<\/p>\n<p>\u00cen urma controlului efectuat de cadrele Inspectoratului pentru Situa\u021bii de Urgen\u021b\u0103 au fost remediate neconformit\u0103\u021bile sesizate.<\/p>\n<p>Responsabilul PSI \u0219i dirigin\u021bii au prezentat\u00a0 elevilor m\u0103suri de prevenire \u00een cadrul unor activit\u0103\u021bi educative, av\u00e2nd diverse tematici cu privire la ap\u0103rarea \u00eempotriva incendiilor \u015fi a cutremurelor.<\/p>\n<p>Astfel elevilor li s-au f\u0103cut cunoscute norme pentru protec\u0163ia vie\u0163ii proprii \u0219i a celor din jur, educarea unor comportamente privind prevenirea unor accidente, incendii.<\/p>\n<p>De asemenea, s-a p\u0103strat o leg\u0103tur\u0103 constuctiv\u0103 cu \u0218eful SVSU, doamna Elena-Roxana VASILE, prin derularea unor exerci\u021bii de evacuare a elevilor \u0219colii, av\u00e2nd drept scop preg\u0103tirea acestora \u00een cazul unor situa\u021bii de urgen\u021b\u0103: incendiu\/cutremur.<\/p>\n<ol>\n<li><strong> Lista activit\u0103\u021bilor desf\u0103\u0219urate:<\/strong><\/li>\n<\/ol>\n<ul>\n<li>Efectuarea\u00a0instructajului\u00a0referitor\u00a0la prevenirea\u00a0\u0219i stingerea incendiilor\u00a0pentru personalul unit\u0103\u021bii.<\/li>\n<li>Efectuarea instructajului privind securitatea \u0219i s\u0103n\u0103tatea la locul de munc\u0103.<\/li>\n<li>Verificarea mijloacelor de stingere a incendiilor din dotarea scolii.<\/li>\n<li>Verificarea c\u0103ilor de acces \u0219i a sistemelor de ghidare luminoas\u0103.<\/li>\n<li>Asigurarea bunei func\u021bion\u0103ri a instala\u021biilor sanitare, iluminat, \u00eenc\u0103lzire.<\/li>\n<li>Verificarea \u00eensu\u0219irii normelor PSI\/SSM a cadrelor didactice, nedidactice, personal auxiliar.<\/li>\n<li>Pe parcursul anului 2024-2025 au fost executate controale din interior.<\/li>\n<li>Prezentarea de materiale informative referitoare la anumite situa\u021bii de urgent\u0103.<\/li>\n<li>Organizarea unor alarm\u0103ri \u2013simularea unui incendiu: P-V 7124\/16.12.2024<\/li>\n<li>Organizarea unor alarm\u0103ri \u2013simularea unui cutremur: P-V 1368\/19.03.2025<\/li>\n<\/ul>\n<p>Pe parcursul anului \u0219colar nu s-au \u00eenregistrat accidente la locul de munc\u0103 sau incendii \u00een unitate.<\/p>\n","protected":false},"excerpt":{"rendered":"<p>COMISIA DE SECURITATE \u0218I S\u0102N\u0102TATE \u00ceN MUNC\u0102 \u0218I PENTRU SITUA\u021aII DE URGEN\u021a\u0102 \u2013 responsabil prof. Octavian-George DINC\u0102 Scurt\u0103 prezentare descriptiv\u0103<\/p>\n","protected":false},"author":7,"featured_media":0,"parent":0,"menu_order":0,"comment_status":"closed","ping_status":"closed","template":"","meta":{"footnotes":""},"_links":{"self":[{"href":"http:\/\/scoalavulcanabai.ro\/wp\/wp-json\/wp\/v2\/pages\/263"}],"collection":[{"href":"http:\/\/scoalavulcanabai.ro\/wp\/wp-json\/wp\/v2\/pages"}],"about":[{"href":"http:\/\/scoalavulcanabai.ro\/wp\/wp-json\/wp\/v2\/types\/page"}],"author":[{"embeddable":true,"href":"http:\/\/scoalavulcanabai.ro\/wp\/wp-json\/wp\/v2\/users\/7"}],"replies":[{"embeddable":true,"href":"http:\/\/scoalavulcanabai.ro\/wp\/wp-json\/wp\/v2\/comments?post=263"}],"version-history":[{"count":5,"href":"http:\/\/scoalavulcanabai.ro\/wp\/wp-json\/wp\/v2\/pages\/263\/revisions"}],"predecessor-version":[{"id":1087,"href":"http:\/\/scoalavulcanabai.ro\/wp\/wp-json\/wp\/v2\/pages\/263\/revisions\/1087"}],"wp:attachment":[{"href":"http:\/\/scoalavulcanabai.ro\/wp\/wp-json\/wp\/v2\/media?parent=263"}],"curies":[{"name":"wp","href":"https:\/\/api.w.org\/{rel}","templated":true}]}}